{"id":902,"date":"2023-04-26T14:53:24","date_gmt":"2023-04-26T12:53:24","guid":{"rendered":"https:\/\/www.restauranteportomarin.es\/?page_id=902"},"modified":"2025-11-04T10:04:17","modified_gmt":"2025-11-04T09:04:17","slug":"portomarin-bienvenidos","status":"publish","type":"page","link":"https:\/\/www.restauranteportomarin.es\/en\/","title":{"rendered":"Portomar\u00edn. Bienvenidos"},"content":{"rendered":"<div class=\"wpb-content-wrapper\"><div data-parent=\"true\" class=\"vc_row style-color-wayh-bg row-container\" id=\"row-unique-0\"><div class=\"row no-top-padding no-bottom-padding no-h-padding row-slider row-parent\" data-height-ratio=\"85\"><div class=\"owl-carousel-wrapper style-light\"><div class=\"uncode-slider owl-carousel-container owl-dots-inside owl-dots-align-center\"><div id=\"uslider_1259371687\" class=\"owl-carousel owl-element owl-dots-inside owl-height-forced\" data-fade=\"true\" data-loop=\"true\" data-autoheight=\"false\" data-nav=\"true\" data-dotsmobile=\"true\" data-dots=\"true\" data-navspeed=\"400\" data-autoplay=\"true\" data-timeout=\"10000\" data-lg=\"1\" data-md=\"1\" data-sm=\"1\" data-limit-width=\"false\"><div class=\"vc_row style-color-wayh-bg row-internal row-container with-parallax\"><div class=\"row-background background-element\">\n\t\t\t\t\t\t\t\t\t\t\t<div class=\"background-wrapper\">\n\t\t\t\t\t\t\t\t\t\t\t\t<div class=\"background-inner self-video uncode-video-container\" style=\"background-repeat: no-repeat;background-position: center center;background-size: cover;\"><div style=\"width: 640px;\" class=\"wp-video\"><!--[if lt IE 9]><script>document.createElement('video');<\/script><![endif]-->\n<video onloadeddata=\"this.play();\" loop playsinline muted aria-hidden=\"true\" role=\"presentation\" playsinline data-keepplaying class=\"background-video-shortcode\" data-ratio=\"1.725\" id=\"video-902-1\" width=\"640\" height=\"360\" preload=\"metadata\" ><source type=\"video\/mp4\" src=\"https:\/\/www.restauranteportomarin.es\/wp-content\/uploads\/2023\/04\/pulpo-home.mp4?_=1\" \/><\/video><\/div><\/div>\n\t\t\t\t\t\t\t\t\t\t\t\t<div class=\"block-bg-overlay style-color-wayh-bg\" style=\"opacity: 0.5;\"><\/div>\n\t\t\t\t\t\t\t\t\t\t\t<\/div>\n\t\t\t\t\t\t\t\t\t\t<\/div><div class=\"row single-top-padding single-bottom-padding single-h-padding row-child limit-width\"><div class=\"wpb_row row-inner\"><div class=\"wpb_column pos-middle pos-center align_center column_child col-lg-12 single-internal-gutter\"><div class=\"uncol style-dark\" ><div class=\"uncoltable\"><div class=\"uncell no-block-padding\" ><div class=\"uncont\" ><div class=\"empty-space empty-triple desktop-hidden tablet-hidden\" ><span class=\"empty-space-inner\"><\/span><\/div>\n<div class=\"vc_custom_heading_wrap \"><div class=\"heading-text el-text bottom-t-top animate_when_almost_visible\" data-delay=\"400\"><h2 class=\"h1\" ><span>El mejor pulpo,<br \/><\/span><span>en Lavapi\u00e9s<\/span><\/h2><\/div><div class=\"clear\"><\/div><\/div><span class=\"btn-container animate_when_almost_visible bottom-t-top\" data-delay=\"800\"><a role=\"button\"  href=\"https:\/\/www.restauranteportomarin.es\/la-carta\/\" class=\"custom-link btn btn-xl border-width-0 btn-accent btn-no-scale btn-icon-left\">Ver la Carta<\/a><\/span><div class=\"empty-space empty-triple desktop-hidden tablet-hidden\" ><span class=\"empty-space-inner\"><\/span><\/div>\n<\/div><\/div><\/div><\/div><\/div><\/div><\/div><\/div><div class=\"vc_row style-accent-bg row-internal row-container with-parallax\"><div class=\"row-background background-element\">\n\t\t\t\t\t\t\t\t\t\t\t<div class=\"background-wrapper\">\n\t\t\t\t\t\t\t\t\t\t\t\t<div class=\"background-inner\" style=\"background-image: url(https:\/\/www.restauranteportomarin.es\/wp-content\/uploads\/2023\/05\/M3A2738-1-scaled-e1762245469752.jpg);background-repeat: no-repeat;background-position: center center;background-size: cover;\"><\/div>\n\t\t\t\t\t\t\t\t\t\t\t\t<div class=\"block-bg-overlay style-accent-bg\" style=\"opacity: 0.1;\"><\/div>\n\t\t\t\t\t\t\t\t\t\t\t<\/div>\n\t\t\t\t\t\t\t\t\t\t<\/div><div class=\"row single-top-padding single-bottom-padding single-h-padding row-child limit-width\"><div class=\"wpb_row row-inner\"><div class=\"wpb_column pos-middle pos-center align_center column_child col-lg-12 single-internal-gutter\"><div class=\"uncol style-dark\" ><div class=\"uncoltable\"><div class=\"uncell no-block-padding\" ><div class=\"uncont\" ><div class=\"vc_custom_heading_wrap \"><div class=\"heading-text el-text bottom-t-top animate_when_almost_visible\" data-delay=\"400\"><h2 class=\"h1\" ><span>Un lugar para celebrar<\/span><\/h2><\/div><div class=\"clear\"><\/div><\/div><span class=\"btn-container animate_when_almost_visible bottom-t-top\" data-delay=\"800\"><a role=\"button\"  href=\"https:\/\/www.restauranteportomarin.es\/quieres-celebrarlo-con-nosotros\/\" class=\"custom-link btn btn-xl border-width-0 btn-accent btn-no-scale btn-icon-left\">Men\u00fas de Grupo<\/a><\/span><\/div><\/div><\/div><\/div><\/div><\/div><\/div><\/div><div class=\"vc_row style-color-xsdn-bg row-internal row-container with-parallax\"><div class=\"row-background background-element\">\n\t\t\t\t\t\t\t\t\t\t\t<div class=\"background-wrapper\">\n\t\t\t\t\t\t\t\t\t\t\t\t<div class=\"background-inner self-video uncode-video-container\" style=\"background-repeat: no-repeat;background-position: center center;background-size: cover;\"><div style=\"width: 640px;\" class=\"wp-video\"><video onloadeddata=\"this.play();\" loop playsinline muted aria-hidden=\"true\" role=\"presentation\" playsinline data-keepplaying class=\"background-video-shortcode\" data-ratio=\"1.7777777777778\" id=\"video-902-2\" width=\"640\" height=\"360\" preload=\"metadata\" ><source type=\"video\/mp4\" src=\"https:\/\/www.restauranteportomarin.es\/wp-content\/uploads\/2023\/05\/birra-home.mp4?_=2\" \/><\/video><\/div><\/div>\n\t\t\t\t\t\t\t\t\t\t\t\t<div class=\"block-bg-overlay style-color-210407-bg\" style=\"opacity: 0.2;\"><\/div>\n\t\t\t\t\t\t\t\t\t\t\t<\/div>\n\t\t\t\t\t\t\t\t\t\t<\/div><div class=\"row single-top-padding single-bottom-padding single-h-padding row-child limit-width\"><div class=\"wpb_row row-inner\"><div class=\"wpb_column pos-middle pos-center align_center column_child col-lg-12 single-internal-gutter\"><div class=\"uncol style-dark\" ><div class=\"uncoltable\"><div class=\"uncell no-block-padding\" ><div class=\"uncont\" ><div class=\"vc_custom_heading_wrap \"><div class=\"heading-text el-text bottom-t-top animate_when_almost_visible\" data-delay=\"400\"><h2 class=\"h1\" ><span>Portomar\u00edn, ca\u00f1as<br \/><\/span><span>y buen comer entre amigos<\/span><\/h2><\/div><div class=\"clear\"><\/div><\/div><span class=\"btn-container animate_when_almost_visible bottom-t-top\" data-delay=\"800\"><a role=\"button\"  href=\"https:\/\/www.restauranteportomarin.es\/reservas\/\" class=\"custom-link btn btn-xl border-width-0 btn-accent btn-no-scale btn-icon-left\">Reserva tu mesa<\/a><\/span><\/div><\/div><\/div><\/div><\/div><\/div><\/div><\/div><div class=\"vc_row style-accent-bg row-internal row-container with-parallax\"><div class=\"row-background background-element\">\n\t\t\t\t\t\t\t\t\t\t\t<div class=\"background-wrapper\">\n\t\t\t\t\t\t\t\t\t\t\t\t<div class=\"background-inner\" style=\"background-image: url(https:\/\/www.restauranteportomarin.es\/wp-content\/uploads\/2023\/05\/peo3.jpg);background-repeat: no-repeat;background-position: center center;background-size: cover;\"><\/div>\n\t\t\t\t\t\t\t\t\t\t\t\t<div class=\"block-bg-overlay style-accent-bg\" style=\"opacity: 0.3;\"><\/div>\n\t\t\t\t\t\t\t\t\t\t\t<\/div>\n\t\t\t\t\t\t\t\t\t\t<\/div><div class=\"row single-top-padding single-bottom-padding single-h-padding row-child limit-width\"><div class=\"wpb_row row-inner\"><div class=\"wpb_column pos-middle pos-center align_center column_child col-lg-12 single-internal-gutter\"><div class=\"uncol style-dark\" ><div class=\"uncoltable\"><div class=\"uncell no-block-padding\" ><div class=\"uncont\" ><div class=\"vc_custom_heading_wrap \"><div class=\"heading-text el-text bottom-t-top animate_when_almost_visible\" data-delay=\"400\"><h2 class=\"h1\" ><span>Galicia, como en casa<\/span><\/h2><\/div><div class=\"clear\"><\/div><\/div><span class=\"btn-container animate_when_almost_visible bottom-t-top\" data-delay=\"800\"><a role=\"button\"  href=\"https:\/\/www.restauranteportomarin.es\/restaurante-portomarin\/\" class=\"custom-link btn btn-xl border-width-0 btn-accent btn-no-scale btn-icon-left\">Con\u00f3cenos<\/a><\/span><\/div><\/div><\/div><\/div><\/div><\/div><\/div><\/div><\/div><div class=\"uncode_slider-dot_classes single-h-padding owl-dots-classes\"><\/div><\/div><\/div><script id=\"script-row-unique-0\" data-row=\"script-row-unique-0\" type=\"text\/javascript\" class=\"vc_controls\">UNCODE.initRow(document.getElementById(\"row-unique-0\"));<\/script><\/div><\/div>\n<\/div>","protected":false},"excerpt":{"rendered":"El mejor pulpo,en Lavapi\u00e9sVer la Carta Un lugar para celebrarMen\u00fas de Grupo Portomar\u00edn, ca\u00f1asy buen comer entre amigosReserva tu mesa [...]","protected":false},"author":5,"featured_media":0,"parent":0,"menu_order":0,"comment_status":"closed","ping_status":"closed","template":"","meta":{"footnotes":""},"class_list":["post-902","page","type-page","status-publish","hentry"],"yoast_head":"<!-- This site is optimized with the Yoast SEO plugin v27.3 - https:\/\/yoast.com\/product\/yoast-seo-wordpress\/ -->\n<title>Portomar\u00edn. Bienvenidos - Portomar\u00edn<\/title>\n<meta name=\"robots\" content=\"index, follow, max-snippet:-1, max-image-preview:large, max-video-preview:-1\" \/>\n<link rel=\"canonical\" href=\"https:\/\/www.restauranteportomarin.es\/en\/\" \/>\n<meta property=\"og:locale\" content=\"en_GB\" \/>\n<meta property=\"og:type\" content=\"article\" \/>\n<meta property=\"og:title\" content=\"Portomar\u00edn. Bienvenidos - Portomar\u00edn\" \/>\n<meta property=\"og:url\" content=\"https:\/\/www.restauranteportomarin.es\/en\/\" \/>\n<meta property=\"og:site_name\" content=\"Portomar\u00edn\" \/>\n<meta property=\"article:modified_time\" content=\"2025-11-04T09:04:17+00:00\" \/>\n<meta name=\"twitter:card\" content=\"summary_large_image\" \/>\n<meta name=\"twitter:label1\" content=\"Estimated reading time\" \/>\n\t<meta name=\"twitter:data1\" content=\"1 minute\" \/>\n<script type=\"application\/ld+json\" class=\"yoast-schema-graph\">{\"@context\":\"https:\\\/\\\/schema.org\",\"@graph\":[{\"@type\":\"WebPage\",\"@id\":\"https:\\\/\\\/www.restauranteportomarin.es\\\/\",\"url\":\"https:\\\/\\\/www.restauranteportomarin.es\\\/\",\"name\":\"Portomar\u00edn. Bienvenidos - Portomar\u00edn\",\"isPartOf\":{\"@id\":\"https:\\\/\\\/www.restauranteportomarin.es\\\/#website\"},\"datePublished\":\"2023-04-26T12:53:24+00:00\",\"dateModified\":\"2025-11-04T09:04:17+00:00\",\"breadcrumb\":{\"@id\":\"https:\\\/\\\/www.restauranteportomarin.es\\\/#breadcrumb\"},\"inLanguage\":\"en-GB\",\"potentialAction\":[{\"@type\":\"ReadAction\",\"target\":[\"https:\\\/\\\/www.restauranteportomarin.es\\\/\"]}]},{\"@type\":\"BreadcrumbList\",\"@id\":\"https:\\\/\\\/www.restauranteportomarin.es\\\/#breadcrumb\",\"itemListElement\":[{\"@type\":\"ListItem\",\"position\":1,\"name\":\"Portada\",\"item\":\"https:\\\/\\\/www.restauranteportomarin.es\\\/\"},{\"@type\":\"ListItem\",\"position\":2,\"name\":\"Portomar\u00edn. Bienvenidos\"}]},{\"@type\":\"WebSite\",\"@id\":\"https:\\\/\\\/www.restauranteportomarin.es\\\/#website\",\"url\":\"https:\\\/\\\/www.restauranteportomarin.es\\\/\",\"name\":\"Portomar\u00edn\",\"description\":\"Restaurante Portomar\u00edn\",\"potentialAction\":[{\"@type\":\"SearchAction\",\"target\":{\"@type\":\"EntryPoint\",\"urlTemplate\":\"https:\\\/\\\/www.restauranteportomarin.es\\\/?s={search_term_string}\"},\"query-input\":{\"@type\":\"PropertyValueSpecification\",\"valueRequired\":true,\"valueName\":\"search_term_string\"}}],\"inLanguage\":\"en-GB\"}]}<\/script>\n<!-- \/ Yoast SEO plugin. -->","yoast_head_json":{"title":"Portomar\u00edn. Bienvenidos - Portomar\u00edn","robots":{"index":"index","follow":"follow","max-snippet":"max-snippet:-1","max-image-preview":"max-image-preview:large","max-video-preview":"max-video-preview:-1"},"canonical":"https:\/\/www.restauranteportomarin.es\/en\/","og_locale":"en_GB","og_type":"article","og_title":"Portomar\u00edn. Bienvenidos - Portomar\u00edn","og_url":"https:\/\/www.restauranteportomarin.es\/en\/","og_site_name":"Portomar\u00edn","article_modified_time":"2025-11-04T09:04:17+00:00","twitter_card":"summary_large_image","twitter_misc":{"Estimated reading time":"1 minute"},"schema":{"@context":"https:\/\/schema.org","@graph":[{"@type":"WebPage","@id":"https:\/\/www.restauranteportomarin.es\/","url":"https:\/\/www.restauranteportomarin.es\/","name":"Portomar\u00edn. Bienvenidos - Portomar\u00edn","isPartOf":{"@id":"https:\/\/www.restauranteportomarin.es\/#website"},"datePublished":"2023-04-26T12:53:24+00:00","dateModified":"2025-11-04T09:04:17+00:00","breadcrumb":{"@id":"https:\/\/www.restauranteportomarin.es\/#breadcrumb"},"inLanguage":"en-GB","potentialAction":[{"@type":"ReadAction","target":["https:\/\/www.restauranteportomarin.es\/"]}]},{"@type":"BreadcrumbList","@id":"https:\/\/www.restauranteportomarin.es\/#breadcrumb","itemListElement":[{"@type":"ListItem","position":1,"name":"Portada","item":"https:\/\/www.restauranteportomarin.es\/"},{"@type":"ListItem","position":2,"name":"Portomar\u00edn. Bienvenidos"}]},{"@type":"WebSite","@id":"https:\/\/www.restauranteportomarin.es\/#website","url":"https:\/\/www.restauranteportomarin.es\/","name":"Portomar\u00edn","description":"Restaurante Portomar\u00edn","potentialAction":[{"@type":"SearchAction","target":{"@type":"EntryPoint","urlTemplate":"https:\/\/www.restauranteportomarin.es\/?s={search_term_string}"},"query-input":{"@type":"PropertyValueSpecification","valueRequired":true,"valueName":"search_term_string"}}],"inLanguage":"en-GB"}]}},"_links":{"self":[{"href":"https:\/\/www.restauranteportomarin.es\/en\/wp-json\/wp\/v2\/pages\/902","targetHints":{"allow":["GET"]}}],"collection":[{"href":"https:\/\/www.restauranteportomarin.es\/en\/wp-json\/wp\/v2\/pages"}],"about":[{"href":"https:\/\/www.restauranteportomarin.es\/en\/wp-json\/wp\/v2\/types\/page"}],"author":[{"embeddable":true,"href":"https:\/\/www.restauranteportomarin.es\/en\/wp-json\/wp\/v2\/users\/5"}],"replies":[{"embeddable":true,"href":"https:\/\/www.restauranteportomarin.es\/en\/wp-json\/wp\/v2\/comments?post=902"}],"version-history":[{"count":38,"href":"https:\/\/www.restauranteportomarin.es\/en\/wp-json\/wp\/v2\/pages\/902\/revisions"}],"predecessor-version":[{"id":1237,"href":"https:\/\/www.restauranteportomarin.es\/en\/wp-json\/wp\/v2\/pages\/902\/revisions\/1237"}],"wp:attachment":[{"href":"https:\/\/www.restauranteportomarin.es\/en\/wp-json\/wp\/v2\/media?parent=902"}],"curies":[{"name":"wp","href":"https:\/\/api.w.org\/{rel}","templated":true}]}}