{"id":1171,"date":"2023-07-04T11:09:30","date_gmt":"2023-07-04T09:09:30","guid":{"rendered":"https:\/\/www.restauranteportomarin.es\/?page_id=1171"},"modified":"2023-07-04T11:12:58","modified_gmt":"2023-07-04T09:12:58","slug":"politica-de-privacidad","status":"publish","type":"page","link":"https:\/\/www.restauranteportomarin.es\/en\/politica-de-privacidad\/","title":{"rendered":"Pol\u00edtica de Privacidad"},"content":{"rendered":"<div class=\"wpb-content-wrapper\"><div data-parent=\"true\" class=\"vc_row limit-width row-container\" id=\"row-unique-0\"><div class=\"row row-parent\"><div class=\"wpb_row row-inner\"><div class=\"wpb_column pos-top pos-center align_left column_parent col-lg-12 single-internal-gutter\"><div class=\"uncol style-light\"  ><div class=\"uncoltable\"><div class=\"uncell no-block-padding\" ><div class=\"uncont\" ><div class=\"uncode_text_column\" ><\/p>\n<h2>Pol\u00edtica de Privacidad<\/h2>\n<p>Siguiendo los principios de licitud, lealtad y transparencia, ponemos a su disposici\u00f3n la presente Pol\u00edtica de Privacidad.<\/p>\n<h3><strong>\u00bfQui\u00e9n es el Responsable del tratamiento de sus datos?<\/strong><\/h3>\n<p>RESTAURA Y PUNTO S.L.<br \/>\nCIF: B85467603<br \/>\nDOMICILIO SOCIAL: C\/ Argumosa, 28. 28012 \u2013 Madrid (Madrid)<br \/>\nEmail: info@lacanibal.com<br \/>\nTel\u00e9fono: <a href=\"tel:0034915285686\">91 528 56 86<\/a><\/p>\n<h3><strong>\u00bfCon qu\u00e9 finalidad tratamos sus datos personales?<\/strong><\/h3>\n<p>En RESTAURA Y PUNTO S.L. tratamos la informaci\u00f3n que nos facilita con la finalidad de gestionar la relaci\u00f3n contractual que nos une, gestionar el env\u00edo de la informaci\u00f3n que nos solicita, facilitar a los interesados ofertas de nuestros servicios y\/o productos de su inter\u00e9s.<\/p>\n<h3><strong>\u00bfPor cu\u00e1nto tiempo conservaremos sus datos personales?<\/strong><\/h3>\n<p>Sus datos, ser\u00e1n conservados el tiempo m\u00ednimo necesario para la correcta prestaci\u00f3n del servicio ofrecido as\u00ed como para atender las responsabilidades que se pudieran derivar del mismo y de cualquier otra exigencia legal.<\/p>\n<h3><strong>\u00bfCu\u00e1l es la legitimaci\u00f3n para el tratamiento de sus datos?<\/strong><\/h3>\n<p>La base legal para el tratamiento de sus datos personales puede ser la ejecuci\u00f3n de una relaci\u00f3n contractual potencial y\/o suscrita, el inter\u00e9s leg\u00edtimo, la habilitaci\u00f3n legal y\/o el consentimiento del propio interesado. Los datos que le solicitamos son adecuados, pertinentes y estrictamente necesarios y en ning\u00fan caso est\u00e1 obligado a facilit\u00e1rnoslos, pero su no comunicaci\u00f3n podr\u00e1 afectar a la finalidad del servicio o la imposibilidad de prestarlo.<\/p>\n<h3><strong>\u00bfA qu\u00e9 destinatarios se comunicar\u00e1n sus datos?<\/strong><\/h3>\n<p>RESTAURA Y PUNTO S.L. no comunicar\u00e1 sus datos a ning\u00fan tercero, salvo que se informe de ello expresamente.<\/p>\n<h3><strong>\u00bfCu\u00e1les son sus derechos cuando nos facilita sus datos?<\/strong><\/h3>\n<p>Los derechos de protecci\u00f3n de datos de los que son titulares los interesados son:<\/p>\n<ul>\n<li>Derecho a solicitar el acceso a los datos personales relativos al interesado<\/li>\n<li>Derecho de rectificaci\u00f3n o supresi\u00f3n<\/li>\n<li>Derecho de oposici\u00f3n<\/li>\n<li>Derecho a solicitar la limitaci\u00f3n de su tratamiento<\/li>\n<li>Derecho a la portabilidad de los datos<\/li>\n<\/ul>\n<p>Los titulares de los datos personales obtenidos, podr\u00e1n ejercer sus derechos de protecci\u00f3n de datos personales dirigiendo una comunicaci\u00f3n por escrito al domicilio social de RESTAURA Y PUNTO S.L. o al correo electr\u00f3nico habilitado a tal efecto, info@lacanibal.com, incluyendo en ambos casos fotocopia de su DNI u otro documento de identificaci\u00f3n equivalente.<\/p>\n<p>Modelos, formularios y m\u00e1s informaci\u00f3n disponible sobre sus derechos en la p\u00e1gina web de la autoridad de control nacional, Agencia Espa\u00f1ola de Protecci\u00f3n de Datos, en adelante, AEPD,\u00a0<a href=\"http:\/\/www.agpd.es\/\">www.agpd.es<\/a>.<\/p>\n<h3><strong>\u00bfPuedo retirar el consentimiento?<\/strong><\/h3>\n<p>Usted tiene la posibilidad y el derecho a retirar el consentimiento para cualquiera finalidad espec\u00edfica otorgada en su momento, sin que ello afecte a la licitud del tratamiento basado en el consentimiento previo a su retirada.<\/p>\n<h3><strong>\u00bfD\u00f3nde puedo reclamar en caso de que considere que no se tratan mis datos correctamente?<\/strong><\/h3>\n<p>Si alg\u00fan interesado considera que sus datos no son tratados correctamente por RESTAURA Y PUNTO S.L. puede dirigir sus reclamaciones al correo info@lacanibal.com o a la autoridad de protecci\u00f3n de datos que corresponda, siendo la AEPD la indicada en el territorio nacional,\u00a0<a href=\"http:\/\/www.agpd.es\/\">www.agpd.es<\/a><\/p>\n<h3><strong>Seguridad y actualizaci\u00f3n de sus datos personales<\/strong><\/h3>\n<p>Con el objetivo de salvaguardar la seguridad de sus datos personales, le informamos que RESTAURA Y PUNTO S.L. ha adoptado todas las medidas de \u00edndole t\u00e9cnica y organizativa necesarias para garantizar la seguridad de los datos personales suministrados. Todo ello para evitar su alteraci\u00f3n, p\u00e9rdida, y\/o tratamientos o accesos no autorizados, tal como exige la normativa, si bien la seguridad absoluta no existe.<\/p>\n<p>Es importante que, para que podamos mantener sus datos personales actualizados, nos informe siempre que se produzca una modificaci\u00f3n de los mismos.<\/p>\n<h3><strong>Confidencialidad<\/strong><\/h3>\n<p>RESTAURA Y PUNTO S.L. le informa que sus datos ser\u00e1n tratados con el m\u00e1ximo celo y confidencialidad por todo el personal que intervenga en cualquiera de las fases del tratamiento. No cederemos ni comunicaremos a ning\u00fan tercero sus datos, excepto en los casos legalmente previstos, o salvo que el interesado nos hubiera autorizado expresamente<\/p>\n<\/div><\/div><\/div><\/div><\/div><\/div><script id=\"script-row-unique-0\" data-row=\"script-row-unique-0\" type=\"text\/javascript\" class=\"vc_controls\">UNCODE.initRow(document.getElementById(\"row-unique-0\"));<\/script><\/div><\/div><\/div>\n<\/div>","protected":false},"excerpt":{"rendered":"Pol\u00edtica de Privacidad Siguiendo los principios de licitud, lealtad y transparencia, ponemos a su disposici\u00f3n la presente Pol\u00edtica de Privacidad. [...]","protected":false},"author":4,"featured_media":0,"parent":0,"menu_order":0,"comment_status":"closed","ping_status":"closed","template":"","meta":{"footnotes":""},"class_list":["post-1171","page","type-page","status-publish","hentry"],"yoast_head":"<!-- This site is optimized with the Yoast SEO plugin v27.3 - https:\/\/yoast.com\/product\/yoast-seo-wordpress\/ -->\n<title>Pol\u00edtica de Privacidad - Portomar\u00edn<\/title>\n<meta name=\"robots\" content=\"index, follow, max-snippet:-1, max-image-preview:large, max-video-preview:-1\" \/>\n<link rel=\"canonical\" href=\"https:\/\/www.restauranteportomarin.es\/en\/politica-de-privacidad\/\" \/>\n<meta property=\"og:locale\" content=\"en_GB\" \/>\n<meta property=\"og:type\" content=\"article\" \/>\n<meta property=\"og:title\" content=\"Pol\u00edtica de Privacidad - Portomar\u00edn\" \/>\n<meta property=\"og:url\" content=\"https:\/\/www.restauranteportomarin.es\/en\/politica-de-privacidad\/\" \/>\n<meta property=\"og:site_name\" content=\"Portomar\u00edn\" \/>\n<meta property=\"article:modified_time\" content=\"2023-07-04T09:12:58+00:00\" \/>\n<meta name=\"twitter:card\" content=\"summary_large_image\" \/>\n<meta name=\"twitter:label1\" content=\"Estimated reading time\" \/>\n\t<meta name=\"twitter:data1\" content=\"3 minutes\" \/>\n<script type=\"application\/ld+json\" class=\"yoast-schema-graph\">{\"@context\":\"https:\\\/\\\/schema.org\",\"@graph\":[{\"@type\":\"WebPage\",\"@id\":\"https:\\\/\\\/www.restauranteportomarin.es\\\/politica-de-privacidad\\\/\",\"url\":\"https:\\\/\\\/www.restauranteportomarin.es\\\/politica-de-privacidad\\\/\",\"name\":\"Pol\u00edtica de Privacidad - Portomar\u00edn\",\"isPartOf\":{\"@id\":\"https:\\\/\\\/www.restauranteportomarin.es\\\/#website\"},\"datePublished\":\"2023-07-04T09:09:30+00:00\",\"dateModified\":\"2023-07-04T09:12:58+00:00\",\"breadcrumb\":{\"@id\":\"https:\\\/\\\/www.restauranteportomarin.es\\\/politica-de-privacidad\\\/#breadcrumb\"},\"inLanguage\":\"en-GB\",\"potentialAction\":[{\"@type\":\"ReadAction\",\"target\":[\"https:\\\/\\\/www.restauranteportomarin.es\\\/politica-de-privacidad\\\/\"]}]},{\"@type\":\"BreadcrumbList\",\"@id\":\"https:\\\/\\\/www.restauranteportomarin.es\\\/politica-de-privacidad\\\/#breadcrumb\",\"itemListElement\":[{\"@type\":\"ListItem\",\"position\":1,\"name\":\"Portada\",\"item\":\"https:\\\/\\\/www.restauranteportomarin.es\\\/\"},{\"@type\":\"ListItem\",\"position\":2,\"name\":\"Pol\u00edtica de Privacidad\"}]},{\"@type\":\"WebSite\",\"@id\":\"https:\\\/\\\/www.restauranteportomarin.es\\\/#website\",\"url\":\"https:\\\/\\\/www.restauranteportomarin.es\\\/\",\"name\":\"Portomar\u00edn\",\"description\":\"Restaurante Portomar\u00edn\",\"potentialAction\":[{\"@type\":\"SearchAction\",\"target\":{\"@type\":\"EntryPoint\",\"urlTemplate\":\"https:\\\/\\\/www.restauranteportomarin.es\\\/?s={search_term_string}\"},\"query-input\":{\"@type\":\"PropertyValueSpecification\",\"valueRequired\":true,\"valueName\":\"search_term_string\"}}],\"inLanguage\":\"en-GB\"}]}<\/script>\n<!-- \/ Yoast SEO plugin. -->","yoast_head_json":{"title":"Pol\u00edtica de Privacidad - Portomar\u00edn","robots":{"index":"index","follow":"follow","max-snippet":"max-snippet:-1","max-image-preview":"max-image-preview:large","max-video-preview":"max-video-preview:-1"},"canonical":"https:\/\/www.restauranteportomarin.es\/en\/politica-de-privacidad\/","og_locale":"en_GB","og_type":"article","og_title":"Pol\u00edtica de Privacidad - Portomar\u00edn","og_url":"https:\/\/www.restauranteportomarin.es\/en\/politica-de-privacidad\/","og_site_name":"Portomar\u00edn","article_modified_time":"2023-07-04T09:12:58+00:00","twitter_card":"summary_large_image","twitter_misc":{"Estimated reading time":"3 minutes"},"schema":{"@context":"https:\/\/schema.org","@graph":[{"@type":"WebPage","@id":"https:\/\/www.restauranteportomarin.es\/politica-de-privacidad\/","url":"https:\/\/www.restauranteportomarin.es\/politica-de-privacidad\/","name":"Pol\u00edtica de Privacidad - Portomar\u00edn","isPartOf":{"@id":"https:\/\/www.restauranteportomarin.es\/#website"},"datePublished":"2023-07-04T09:09:30+00:00","dateModified":"2023-07-04T09:12:58+00:00","breadcrumb":{"@id":"https:\/\/www.restauranteportomarin.es\/politica-de-privacidad\/#breadcrumb"},"inLanguage":"en-GB","potentialAction":[{"@type":"ReadAction","target":["https:\/\/www.restauranteportomarin.es\/politica-de-privacidad\/"]}]},{"@type":"BreadcrumbList","@id":"https:\/\/www.restauranteportomarin.es\/politica-de-privacidad\/#breadcrumb","itemListElement":[{"@type":"ListItem","position":1,"name":"Portada","item":"https:\/\/www.restauranteportomarin.es\/"},{"@type":"ListItem","position":2,"name":"Pol\u00edtica de Privacidad"}]},{"@type":"WebSite","@id":"https:\/\/www.restauranteportomarin.es\/#website","url":"https:\/\/www.restauranteportomarin.es\/","name":"Portomar\u00edn","description":"Restaurante Portomar\u00edn","potentialAction":[{"@type":"SearchAction","target":{"@type":"EntryPoint","urlTemplate":"https:\/\/www.restauranteportomarin.es\/?s={search_term_string}"},"query-input":{"@type":"PropertyValueSpecification","valueRequired":true,"valueName":"search_term_string"}}],"inLanguage":"en-GB"}]}},"_links":{"self":[{"href":"https:\/\/www.restauranteportomarin.es\/en\/wp-json\/wp\/v2\/pages\/1171","targetHints":{"allow":["GET"]}}],"collection":[{"href":"https:\/\/www.restauranteportomarin.es\/en\/wp-json\/wp\/v2\/pages"}],"about":[{"href":"https:\/\/www.restauranteportomarin.es\/en\/wp-json\/wp\/v2\/types\/page"}],"author":[{"embeddable":true,"href":"https:\/\/www.restauranteportomarin.es\/en\/wp-json\/wp\/v2\/users\/4"}],"replies":[{"embeddable":true,"href":"https:\/\/www.restauranteportomarin.es\/en\/wp-json\/wp\/v2\/comments?post=1171"}],"version-history":[{"count":3,"href":"https:\/\/www.restauranteportomarin.es\/en\/wp-json\/wp\/v2\/pages\/1171\/revisions"}],"predecessor-version":[{"id":1174,"href":"https:\/\/www.restauranteportomarin.es\/en\/wp-json\/wp\/v2\/pages\/1171\/revisions\/1174"}],"wp:attachment":[{"href":"https:\/\/www.restauranteportomarin.es\/en\/wp-json\/wp\/v2\/media?parent=1171"}],"curies":[{"name":"wp","href":"https:\/\/api.w.org\/{rel}","templated":true}]}}