{"id":1164,"date":"2023-07-04T11:01:28","date_gmt":"2023-07-04T09:01:28","guid":{"rendered":"https:\/\/www.restauranteportomarin.es\/?page_id=1164"},"modified":"2023-07-04T11:06:12","modified_gmt":"2023-07-04T09:06:12","slug":"politica-de-cookies","status":"publish","type":"page","link":"https:\/\/www.restauranteportomarin.es\/en\/politica-de-cookies\/","title":{"rendered":"Pol\u00edtica de Cookies"},"content":{"rendered":"<div class=\"wpb-content-wrapper\"><div data-parent=\"true\" class=\"vc_row limit-width row-container\" id=\"row-unique-0\"><div class=\"row row-parent\"><div class=\"wpb_row row-inner\"><div class=\"wpb_column pos-top pos-center align_left column_parent col-lg-12 single-internal-gutter\"><div class=\"uncol style-light\"  ><div class=\"uncoltable\"><div class=\"uncell no-block-padding\" ><div class=\"uncont\" ><div class=\"uncode_text_column\" ><\/p>\n<h2>Pol\u00edtica de Cookies<\/h2>\n<h3>\u00bfQu\u00e9 son las cookies?<\/h3>\n<p>Esta Pol\u00edtica de Cookies explica qu\u00e9 son las cookies y c\u00f3mo las utilizamos, los tipos de cookies que utilizamos, es decir, la informaci\u00f3n que recopilamos utilizando cookies y c\u00f3mo se utiliza esa informaci\u00f3n, y c\u00f3mo gestionar la configuraci\u00f3n de las cookies.<\/p>\n<p>Las cookies son peque\u00f1os archivos de texto que se utilizan para almacenar peque\u00f1as piezas de informaci\u00f3n. Se almacenan en tu dispositivo cuando se carga el sitio web en tu navegador. Estas cookies nos ayudan a hacer que el sitio web funcione correctamente, a hacerlo m\u00e1s seguro, a proporcionar una mejor experiencia al usuario, y a entender c\u00f3mo funciona el sitio web y analizar qu\u00e9 funciona y en qu\u00e9 aspectos necesita mejoras.<\/p>\n<h3>\u00bfC\u00f3mo utilizamos las cookies?<\/h3>\n<p>Como la mayor\u00eda de los servicios online, nuestro sitio web utiliza cookies de origen y de terceros para diversos fines. Las cookies de origen son en su mayor\u00eda necesarias para que el sitio web funcione correctamente, y no recopilan ninguno de tus datos personales identificables.<\/p>\n<p>Las cookies de terceros utilizadas en nuestro sitio web sirven principalmente para comprender c\u00f3mo funciona el sitio web, c\u00f3mo interact\u00faas con \u00e9l, mantener la seguridad de nuestros servicios, ofrecerte anuncios que sean relevantes para ti y, en definitiva, proporcionarte una experiencia de usuario mejor y m\u00e1s r\u00e1pida y ayudar a agilizar tus futuras interacciones con nuestro sitio web.<\/p>\n<h3>Tipos de cookies que utilizamos<\/h3>\n<div class=\"cky-audit-table-element\"><\/div>\n<p>&nbsp;<\/p>\n<h3 style=\"margin-bottom: 20px;\">Gestionar preferencias de cookies<\/h3>\n<p><a class=\"cky-banner-element\">Configuraci\u00f3n de Cookies<\/a><\/p>\n<div>\n<p>Puedes cambiar tus preferencias sobre cookies en cualquier momento haciendo clic en el bot\u00f3n de arriba. Esto te permitir\u00e1 volver a visitar el banner de consentimiento de cookies y cambiar tus preferencias o retirar tu consentimiento de inmediato.<\/p>\n<p>Adem\u00e1s, los distintos navegadores ofrecen diferentes m\u00e9todos para bloquear y eliminar las cookies utilizadas por los sitios web. Puedes cambiar la configuraci\u00f3n de tu navegador para bloquear\/eliminar las cookies. A continuaci\u00f3n figuran los enlaces a los documentos de apoyo sobre c\u00f3mo gestionar y eliminar las cookies de los principales navegadores web.<\/p>\n<p>Chrome: <a href=\"https:\/\/support.google.com\/accounts\/answer\/32050\" target=\"_blank\" rel=\"noopener noreferrer\">https:\/\/support.google.com\/accounts\/answer\/32050<\/a><\/p>\n<p>Safari: <a href=\"https:\/\/support.apple.com\/en-in\/guide\/safari\/sfri11471\/mac\" target=\"_blank\" rel=\"noopener noreferrer\">https:\/\/support.apple.com\/en-in\/guide\/safari\/sfri11471\/mac<\/a><\/p>\n<p>Firefox: <a href=\"https:\/\/support.mozilla.org\/en-US\/kb\/clear-cookies-and-site-data-firefox?redirectslug=delete-cookies-remove-info-websites-stored&amp;redirectlocale=en-US\" target=\"_blank\" rel=\"noopener noreferrer\">https:\/\/support.mozilla.org\/en-US\/kb\/clear-cookies-and-site-data-firefox?redirectslug=delete-cookies-remove-info-websites-stored&amp;redirectlocale=en-US<\/a><\/p>\n<p>Internet Explorer: <a href=\"https:\/\/support.microsoft.com\/en-us\/topic\/how-to-delete-cookie-files-in-internet-explorer-bca9446f-d873-78de-77ba-d42645fa52fc\" target=\"_blank\" rel=\"noopener noreferrer\">https:\/\/support.microsoft.com\/en-us\/topic\/how-to-delete-cookie-files-in-internet-explorer-bca9446f-d873-78de-77ba-d42645fa52fc<\/a><\/p>\n<p>Si utilizas cualquier otro navegador web, visita los documentos oficiales de soporte de tu navegador.<\/p>\n<\/div>\n<p>\n<\/div><\/div><\/div><\/div><\/div><\/div><script id=\"script-row-unique-0\" data-row=\"script-row-unique-0\" type=\"text\/javascript\" class=\"vc_controls\">UNCODE.initRow(document.getElementById(\"row-unique-0\"));<\/script><\/div><\/div><\/div>\n<\/div>","protected":false},"excerpt":{"rendered":"Pol\u00edtica de Cookies \u00bfQu\u00e9 son las cookies? Esta Pol\u00edtica de Cookies explica qu\u00e9 son las cookies y c\u00f3mo las utilizamos, [...]","protected":false},"author":4,"featured_media":0,"parent":0,"menu_order":0,"comment_status":"closed","ping_status":"closed","template":"","meta":{"footnotes":""},"class_list":["post-1164","page","type-page","status-publish","hentry"],"yoast_head":"<!-- This site is optimized with the Yoast SEO plugin v27.3 - https:\/\/yoast.com\/product\/yoast-seo-wordpress\/ -->\n<title>Pol\u00edtica de Cookies - Portomar\u00edn<\/title>\n<meta name=\"robots\" content=\"index, follow, max-snippet:-1, max-image-preview:large, max-video-preview:-1\" \/>\n<link rel=\"canonical\" href=\"https:\/\/www.restauranteportomarin.es\/en\/politica-de-cookies\/\" \/>\n<meta property=\"og:locale\" content=\"en_GB\" \/>\n<meta property=\"og:type\" content=\"article\" \/>\n<meta property=\"og:title\" content=\"Pol\u00edtica de Cookies - Portomar\u00edn\" \/>\n<meta property=\"og:url\" content=\"https:\/\/www.restauranteportomarin.es\/en\/politica-de-cookies\/\" \/>\n<meta property=\"og:site_name\" content=\"Portomar\u00edn\" \/>\n<meta property=\"article:modified_time\" content=\"2023-07-04T09:06:12+00:00\" \/>\n<meta name=\"twitter:card\" content=\"summary_large_image\" \/>\n<meta name=\"twitter:label1\" content=\"Estimated reading time\" \/>\n\t<meta name=\"twitter:data1\" content=\"2 minutes\" \/>\n<script type=\"application\/ld+json\" class=\"yoast-schema-graph\">{\"@context\":\"https:\\\/\\\/schema.org\",\"@graph\":[{\"@type\":\"WebPage\",\"@id\":\"https:\\\/\\\/www.restauranteportomarin.es\\\/politica-de-cookies\\\/\",\"url\":\"https:\\\/\\\/www.restauranteportomarin.es\\\/politica-de-cookies\\\/\",\"name\":\"Pol\u00edtica de Cookies - Portomar\u00edn\",\"isPartOf\":{\"@id\":\"https:\\\/\\\/www.restauranteportomarin.es\\\/#website\"},\"datePublished\":\"2023-07-04T09:01:28+00:00\",\"dateModified\":\"2023-07-04T09:06:12+00:00\",\"breadcrumb\":{\"@id\":\"https:\\\/\\\/www.restauranteportomarin.es\\\/politica-de-cookies\\\/#breadcrumb\"},\"inLanguage\":\"en-GB\",\"potentialAction\":[{\"@type\":\"ReadAction\",\"target\":[\"https:\\\/\\\/www.restauranteportomarin.es\\\/politica-de-cookies\\\/\"]}]},{\"@type\":\"BreadcrumbList\",\"@id\":\"https:\\\/\\\/www.restauranteportomarin.es\\\/politica-de-cookies\\\/#breadcrumb\",\"itemListElement\":[{\"@type\":\"ListItem\",\"position\":1,\"name\":\"Portada\",\"item\":\"https:\\\/\\\/www.restauranteportomarin.es\\\/\"},{\"@type\":\"ListItem\",\"position\":2,\"name\":\"Pol\u00edtica de Cookies\"}]},{\"@type\":\"WebSite\",\"@id\":\"https:\\\/\\\/www.restauranteportomarin.es\\\/#website\",\"url\":\"https:\\\/\\\/www.restauranteportomarin.es\\\/\",\"name\":\"Portomar\u00edn\",\"description\":\"Restaurante Portomar\u00edn\",\"potentialAction\":[{\"@type\":\"SearchAction\",\"target\":{\"@type\":\"EntryPoint\",\"urlTemplate\":\"https:\\\/\\\/www.restauranteportomarin.es\\\/?s={search_term_string}\"},\"query-input\":{\"@type\":\"PropertyValueSpecification\",\"valueRequired\":true,\"valueName\":\"search_term_string\"}}],\"inLanguage\":\"en-GB\"}]}<\/script>\n<!-- \/ Yoast SEO plugin. -->","yoast_head_json":{"title":"Pol\u00edtica de Cookies - Portomar\u00edn","robots":{"index":"index","follow":"follow","max-snippet":"max-snippet:-1","max-image-preview":"max-image-preview:large","max-video-preview":"max-video-preview:-1"},"canonical":"https:\/\/www.restauranteportomarin.es\/en\/politica-de-cookies\/","og_locale":"en_GB","og_type":"article","og_title":"Pol\u00edtica de Cookies - Portomar\u00edn","og_url":"https:\/\/www.restauranteportomarin.es\/en\/politica-de-cookies\/","og_site_name":"Portomar\u00edn","article_modified_time":"2023-07-04T09:06:12+00:00","twitter_card":"summary_large_image","twitter_misc":{"Estimated reading time":"2 minutes"},"schema":{"@context":"https:\/\/schema.org","@graph":[{"@type":"WebPage","@id":"https:\/\/www.restauranteportomarin.es\/politica-de-cookies\/","url":"https:\/\/www.restauranteportomarin.es\/politica-de-cookies\/","name":"Pol\u00edtica de Cookies - Portomar\u00edn","isPartOf":{"@id":"https:\/\/www.restauranteportomarin.es\/#website"},"datePublished":"2023-07-04T09:01:28+00:00","dateModified":"2023-07-04T09:06:12+00:00","breadcrumb":{"@id":"https:\/\/www.restauranteportomarin.es\/politica-de-cookies\/#breadcrumb"},"inLanguage":"en-GB","potentialAction":[{"@type":"ReadAction","target":["https:\/\/www.restauranteportomarin.es\/politica-de-cookies\/"]}]},{"@type":"BreadcrumbList","@id":"https:\/\/www.restauranteportomarin.es\/politica-de-cookies\/#breadcrumb","itemListElement":[{"@type":"ListItem","position":1,"name":"Portada","item":"https:\/\/www.restauranteportomarin.es\/"},{"@type":"ListItem","position":2,"name":"Pol\u00edtica de Cookies"}]},{"@type":"WebSite","@id":"https:\/\/www.restauranteportomarin.es\/#website","url":"https:\/\/www.restauranteportomarin.es\/","name":"Portomar\u00edn","description":"Restaurante Portomar\u00edn","potentialAction":[{"@type":"SearchAction","target":{"@type":"EntryPoint","urlTemplate":"https:\/\/www.restauranteportomarin.es\/?s={search_term_string}"},"query-input":{"@type":"PropertyValueSpecification","valueRequired":true,"valueName":"search_term_string"}}],"inLanguage":"en-GB"}]}},"_links":{"self":[{"href":"https:\/\/www.restauranteportomarin.es\/en\/wp-json\/wp\/v2\/pages\/1164","targetHints":{"allow":["GET"]}}],"collection":[{"href":"https:\/\/www.restauranteportomarin.es\/en\/wp-json\/wp\/v2\/pages"}],"about":[{"href":"https:\/\/www.restauranteportomarin.es\/en\/wp-json\/wp\/v2\/types\/page"}],"author":[{"embeddable":true,"href":"https:\/\/www.restauranteportomarin.es\/en\/wp-json\/wp\/v2\/users\/4"}],"replies":[{"embeddable":true,"href":"https:\/\/www.restauranteportomarin.es\/en\/wp-json\/wp\/v2\/comments?post=1164"}],"version-history":[{"count":6,"href":"https:\/\/www.restauranteportomarin.es\/en\/wp-json\/wp\/v2\/pages\/1164\/revisions"}],"predecessor-version":[{"id":1170,"href":"https:\/\/www.restauranteportomarin.es\/en\/wp-json\/wp\/v2\/pages\/1164\/revisions\/1170"}],"wp:attachment":[{"href":"https:\/\/www.restauranteportomarin.es\/en\/wp-json\/wp\/v2\/media?parent=1164"}],"curies":[{"name":"wp","href":"https:\/\/api.w.org\/{rel}","templated":true}]}}