{"id":1016,"date":"2023-05-05T14:13:17","date_gmt":"2023-05-05T12:13:17","guid":{"rendered":"https:\/\/www.restauranteportomarin.es\/?page_id=1016"},"modified":"2023-10-06T15:24:44","modified_gmt":"2023-10-06T13:24:44","slug":"404-2","status":"publish","type":"page","link":"https:\/\/www.restauranteportomarin.es\/en\/404-2\/","title":{"rendered":"404"},"content":{"rendered":"<div class=\"wpb-content-wrapper\"><div data-parent=\"true\" class=\"vc_row style-color-210407-bg row-container\" id=\"row-unique-0\"><div class=\"row unequal no-top-padding no-bottom-padding no-h-padding full-width row-parent\" data-height-ratio=\"full\"><div class=\"wpb_row row-inner\"><div class=\"wpb_column pos-top pos-center align_left column_parent col-lg-12 single-internal-gutter\"><div class=\"uncol style-dark unexpand\"  ><div class=\"uncoltable\"><div class=\"uncell no-block-padding\" ><div class=\"uncont\" ><div class=\"vc_row row-internal row-container\"><div class=\"row unequal col-no-gutter row-child\"><div class=\"wpb_row row-inner\"><div class=\"wpb_column pos-top pos-center align_left column_child col-lg-6 single-internal-gutter\"><div class=\"uncol style-light unexpand\" ><div class=\"uncoltable\" style=\"min-height: 300px;\"><div class=\"uncell single-block-padding style-color-wayh-bg\" ><div class=\"column-background background-element\">\n\t\t\t\t\t\t\t\t\t\t\t<div class=\"background-wrapper\">\n\t\t\t\t\t\t\t\t\t\t\t\t<div class=\"background-inner\" style=\"background-image: url(https:\/\/www.restauranteportomarin.es\/wp-content\/uploads\/2023\/05\/horreo.jpg);background-repeat: no-repeat;background-position: center center;background-size: cover;\" data-o_src=\"https:\/\/www.restauranteportomarin.es\/wp-content\/uploads\/2023\/05\/horreo.jpg\"><\/div>\n\t\t\t\t\t\t\t\t\t\t\t\t\n\t\t\t\t\t\t\t\t\t\t\t<\/div>\n\t\t\t\t\t\t\t\t\t\t<\/div><div class=\"uncont\" ><\/div><\/div><\/div><\/div><\/div><div class=\"wpb_column pos-middle pos-center align_left column_child col-lg-6 single-internal-gutter\"><div class=\"uncol style-dark\" ><div class=\"uncoltable\"><div class=\"uncell double-block-padding\" ><div class=\"uncont\" style=\" max-width:65%;\" ><div class=\"vc_custom_heading_wrap\"><div class=\"heading-text el-text\" ><h6 class=\"h6 text-accent-color text-uppercase\" ><span>404<\/span><\/h6><\/div><div class=\"clear\"><\/div><\/div><div class=\"vc_custom_heading_wrap\"><div class=\"heading-text el-text\" ><h1 class=\"h2\" ><span>\u00a1Lo sentimos!<\/span><\/h1><\/div><div class=\"clear\"><\/div><\/div><div class=\"uncode_text_column\" ><p>No hemos encontrado la informaci\u00f3n que quer\u00edas tal y como la has buscado. Te invitamos a volver a buscar con otros t\u00e9rminos o contactar con nosotros. Gracias!<\/p>\n<\/div><div class=\"vc_wp_search wpb_content_element\"  data-id=\"1\"><div class=\"widget widget_search\"><form action=\"https:\/\/www.restauranteportomarin.es\/en\/\" method=\"get\" data-trp-original-action=\"https:\/\/www.restauranteportomarin.es\/en\/\">\n\t<div class=\"search-container-inner\">\n\t\t<label for=\"s_form_1\" aria-label=\"Search\"><input type=\"search\" class=\"search-field form-fluid no-livesearch\" placeholder=\"Search\u2026\" value=\"\" name=\"s\" id=\"s_form_1\">\n\t\t<i class=\"fa fa-search3\" role=\"button\" tabindex=\"0\" aria-labelledby=\"s_form_1\"><\/i><\/label>\n\n\t\t\t<\/div>\n<input type=\"hidden\" name=\"trp-form-language\" value=\"en\"\/><\/form>\n<\/div><\/div><\/div><\/div><\/div><\/div><\/div><\/div><\/div><\/div><\/div><\/div><\/div><\/div><\/div><script id=\"script-row-unique-0\" data-row=\"script-row-unique-0\" type=\"text\/javascript\" class=\"vc_controls\">UNCODE.initRow(document.getElementById(\"row-unique-0\"));<\/script><\/div><\/div><\/div>\n<\/div>","protected":false},"excerpt":{"rendered":"404\u00a1Lo sentimos!No hemos encontrado la informaci\u00f3n que quer\u00edas tal y como la has buscado. Te invitamos a volver a buscar [...]","protected":false},"author":5,"featured_media":0,"parent":0,"menu_order":0,"comment_status":"closed","ping_status":"closed","template":"","meta":{"footnotes":""},"class_list":["post-1016","page","type-page","status-publish","hentry"],"yoast_head":"<!-- This site is optimized with the Yoast SEO plugin v27.3 - https:\/\/yoast.com\/product\/yoast-seo-wordpress\/ -->\n<title>404 - Portomar\u00edn<\/title>\n<meta name=\"robots\" content=\"index, follow, max-snippet:-1, max-image-preview:large, max-video-preview:-1\" \/>\n<link rel=\"canonical\" href=\"https:\/\/www.restauranteportomarin.es\/en\/404-2\/\" \/>\n<meta property=\"og:locale\" content=\"en_GB\" \/>\n<meta property=\"og:type\" content=\"article\" \/>\n<meta property=\"og:title\" content=\"404 - Portomar\u00edn\" \/>\n<meta property=\"og:url\" content=\"https:\/\/www.restauranteportomarin.es\/en\/404-2\/\" \/>\n<meta property=\"og:site_name\" content=\"Portomar\u00edn\" \/>\n<meta property=\"article:modified_time\" content=\"2023-10-06T13:24:44+00:00\" \/>\n<meta name=\"twitter:card\" content=\"summary_large_image\" \/>\n<meta name=\"twitter:label1\" content=\"Estimated reading time\" \/>\n\t<meta name=\"twitter:data1\" content=\"1 minute\" \/>\n<script type=\"application\/ld+json\" class=\"yoast-schema-graph\">{\"@context\":\"https:\\\/\\\/schema.org\",\"@graph\":[{\"@type\":\"WebPage\",\"@id\":\"https:\\\/\\\/www.restauranteportomarin.es\\\/404-2\\\/\",\"url\":\"https:\\\/\\\/www.restauranteportomarin.es\\\/404-2\\\/\",\"name\":\"404 - Portomar\u00edn\",\"isPartOf\":{\"@id\":\"https:\\\/\\\/www.restauranteportomarin.es\\\/#website\"},\"datePublished\":\"2023-05-05T12:13:17+00:00\",\"dateModified\":\"2023-10-06T13:24:44+00:00\",\"breadcrumb\":{\"@id\":\"https:\\\/\\\/www.restauranteportomarin.es\\\/404-2\\\/#breadcrumb\"},\"inLanguage\":\"en-GB\",\"potentialAction\":[{\"@type\":\"ReadAction\",\"target\":[\"https:\\\/\\\/www.restauranteportomarin.es\\\/404-2\\\/\"]}]},{\"@type\":\"BreadcrumbList\",\"@id\":\"https:\\\/\\\/www.restauranteportomarin.es\\\/404-2\\\/#breadcrumb\",\"itemListElement\":[{\"@type\":\"ListItem\",\"position\":1,\"name\":\"Portada\",\"item\":\"https:\\\/\\\/www.restauranteportomarin.es\\\/\"},{\"@type\":\"ListItem\",\"position\":2,\"name\":\"404\"}]},{\"@type\":\"WebSite\",\"@id\":\"https:\\\/\\\/www.restauranteportomarin.es\\\/#website\",\"url\":\"https:\\\/\\\/www.restauranteportomarin.es\\\/\",\"name\":\"Portomar\u00edn\",\"description\":\"Restaurante Portomar\u00edn\",\"potentialAction\":[{\"@type\":\"SearchAction\",\"target\":{\"@type\":\"EntryPoint\",\"urlTemplate\":\"https:\\\/\\\/www.restauranteportomarin.es\\\/?s={search_term_string}\"},\"query-input\":{\"@type\":\"PropertyValueSpecification\",\"valueRequired\":true,\"valueName\":\"search_term_string\"}}],\"inLanguage\":\"en-GB\"}]}<\/script>\n<!-- \/ Yoast SEO plugin. -->","yoast_head_json":{"title":"404 - Portomar\u00edn","robots":{"index":"index","follow":"follow","max-snippet":"max-snippet:-1","max-image-preview":"max-image-preview:large","max-video-preview":"max-video-preview:-1"},"canonical":"https:\/\/www.restauranteportomarin.es\/en\/404-2\/","og_locale":"en_GB","og_type":"article","og_title":"404 - Portomar\u00edn","og_url":"https:\/\/www.restauranteportomarin.es\/en\/404-2\/","og_site_name":"Portomar\u00edn","article_modified_time":"2023-10-06T13:24:44+00:00","twitter_card":"summary_large_image","twitter_misc":{"Estimated reading time":"1 minute"},"schema":{"@context":"https:\/\/schema.org","@graph":[{"@type":"WebPage","@id":"https:\/\/www.restauranteportomarin.es\/404-2\/","url":"https:\/\/www.restauranteportomarin.es\/404-2\/","name":"404 - Portomar\u00edn","isPartOf":{"@id":"https:\/\/www.restauranteportomarin.es\/#website"},"datePublished":"2023-05-05T12:13:17+00:00","dateModified":"2023-10-06T13:24:44+00:00","breadcrumb":{"@id":"https:\/\/www.restauranteportomarin.es\/404-2\/#breadcrumb"},"inLanguage":"en-GB","potentialAction":[{"@type":"ReadAction","target":["https:\/\/www.restauranteportomarin.es\/404-2\/"]}]},{"@type":"BreadcrumbList","@id":"https:\/\/www.restauranteportomarin.es\/404-2\/#breadcrumb","itemListElement":[{"@type":"ListItem","position":1,"name":"Portada","item":"https:\/\/www.restauranteportomarin.es\/"},{"@type":"ListItem","position":2,"name":"404"}]},{"@type":"WebSite","@id":"https:\/\/www.restauranteportomarin.es\/#website","url":"https:\/\/www.restauranteportomarin.es\/","name":"Portomar\u00edn","description":"Restaurante Portomar\u00edn","potentialAction":[{"@type":"SearchAction","target":{"@type":"EntryPoint","urlTemplate":"https:\/\/www.restauranteportomarin.es\/?s={search_term_string}"},"query-input":{"@type":"PropertyValueSpecification","valueRequired":true,"valueName":"search_term_string"}}],"inLanguage":"en-GB"}]}},"_links":{"self":[{"href":"https:\/\/www.restauranteportomarin.es\/en\/wp-json\/wp\/v2\/pages\/1016","targetHints":{"allow":["GET"]}}],"collection":[{"href":"https:\/\/www.restauranteportomarin.es\/en\/wp-json\/wp\/v2\/pages"}],"about":[{"href":"https:\/\/www.restauranteportomarin.es\/en\/wp-json\/wp\/v2\/types\/page"}],"author":[{"embeddable":true,"href":"https:\/\/www.restauranteportomarin.es\/en\/wp-json\/wp\/v2\/users\/5"}],"replies":[{"embeddable":true,"href":"https:\/\/www.restauranteportomarin.es\/en\/wp-json\/wp\/v2\/comments?post=1016"}],"version-history":[{"count":9,"href":"https:\/\/www.restauranteportomarin.es\/en\/wp-json\/wp\/v2\/pages\/1016\/revisions"}],"predecessor-version":[{"id":1205,"href":"https:\/\/www.restauranteportomarin.es\/en\/wp-json\/wp\/v2\/pages\/1016\/revisions\/1205"}],"wp:attachment":[{"href":"https:\/\/www.restauranteportomarin.es\/en\/wp-json\/wp\/v2\/media?parent=1016"}],"curies":[{"name":"wp","href":"https:\/\/api.w.org\/{rel}","templated":true}]}}